{"id":5056,"date":"2021-01-22T10:53:40","date_gmt":"2021-01-22T09:53:40","guid":{"rendered":"https:\/\/adverteren.omropfryslan.nl\/suksesfolle-online-kampanje-by-omrop-fryslan-begjint-hjir\/"},"modified":"2025-10-15T10:10:23","modified_gmt":"2025-10-15T09:10:23","slug":"suksesfolle-online-kampanje-by-omrop-fryslan-begjint-hjir","status":"publish","type":"page","link":"https:\/\/adverteren.omropfryslan.nl\/fy\/suksesfolle-online-kampanje-by-omrop-fryslan-begjint-hjir\/","title":{"rendered":"S\u00faksesfolle online kampanje by Omrop Frysl\u00e2n begjint hjir"},"content":{"rendered":"\n<h2 class=\"wp-block-heading\"><strong>Online kampanjes by Omrop Frysl\u00e2n<\/strong><\/h2>\n\n<p>Eins is in online kampanje net te fergelykjen mei in radio- of telefyzjekampanje. Fansels gean dy media ek mei yn de tiiid en is alles te mjitten, mar de online wr\u00e2ld is ien fan mooglikheden s\u00fbnder ein. Sawol yn \u00fas persoanlike libben as op saaklik m\u00ead.  <\/p>\n\n<p><\/p>\n\n<p><\/p>\n\n<h3 class=\"wp-block-heading\"><strong>Dit is w\u00earom datsto in online kampanje by \u00fas wolst:<\/strong><\/h3>\n\n<ul class=\"wp-block-list\">\n<li>We hawwe in grut berik: alle moannen goed 5.400.000 besikers<\/li>\n\n\n\n<li>Online banner- en fideokampanjes kinne radio en telefyzje stypje<\/li>\n\n\n\n<li>Advertearje kin eksakt op it plak d\u00ear\u2019t dyn doelgroep is<\/li>\n\n\n\n<li>Do soargest foar sichtberens op it b\u00easte plak mei in direkte link nei dyn webside <\/li>\n\n\n\n<li>Online is \u00fbnmisber yn in goede marketingkampanje<\/li>\n\n\n\n<li>Omrop Frysl\u00e2n wurket s\u00fbnder koekjes (cookies), is betrouber en is in privacy-freonlik platfoarm<\/li>\n<\/ul>\n","protected":false},"excerpt":{"rendered":"<p>Online kampanjes by Omrop Frysl\u00e2n Eins is in online kampanje net te fergelykjen mei in radio- of telefyzjekampanje. Fansels gean dy media ek mei yn de tiiid en is alles te mjitten, mar de online wr\u00e2ld is ien fan mooglikheden s\u00fbnder ein. Sawol yn \u00fas persoanlike libben as op saaklik m\u00ead. Dit is w\u00earom datsto [&hellip;]<\/p>\n","protected":false},"author":1,"featured_media":5055,"parent":0,"menu_order":0,"comment_status":"closed","ping_status":"closed","template":"","meta":{"_acf_changed":false,"_et_pb_use_builder":"off","_et_pb_old_content":"","_et_gb_content_width":"","inline_featured_image":false,"footnotes":""},"class_list":["post-5056","page","type-page","status-publish","has-post-thumbnail","hentry"],"acf":[],"yoast_head":"<!-- This site is optimized with the Yoast SEO plugin v26.1.1 - https:\/\/yoast.com\/wordpress\/plugins\/seo\/ -->\n<title>Online adverterje - S\u00faksesfolle online kampanje by Omrop Frysl\u00e2n begjint hjir<\/title>\n<meta name=\"description\" content=\"Dyn online resultaten merkst du direkt tank oan \u00fas online kanalen. Troch \u00fas webside en app wurdt dyn advertinsje faak, goed en doelgerjocht \u00fbnder de oandacht brocht.\" \/>\n<meta name=\"robots\" content=\"index, follow, max-snippet:-1, max-image-preview:large, max-video-preview:-1\" \/>\n<link rel=\"canonical\" href=\"https:\/\/adverteren.omropfryslan.nl\/fy\/suksesfolle-online-kampanje-by-omrop-fryslan-begjint-hjir\/\" \/>\n<meta property=\"og:locale\" content=\"en_US\" \/>\n<meta property=\"og:type\" content=\"article\" \/>\n<meta property=\"og:title\" content=\"Online adverterje - S\u00faksesfolle online kampanje by Omrop Frysl\u00e2n begjint hjir\" \/>\n<meta property=\"og:description\" content=\"Dyn online resultaten merkst du direkt tank oan \u00fas online kanalen. Troch \u00fas webside en app wurdt dyn advertinsje faak, goed en doelgerjocht \u00fbnder de oandacht brocht.\" \/>\n<meta property=\"og:url\" content=\"https:\/\/adverteren.omropfryslan.nl\/fy\/suksesfolle-online-kampanje-by-omrop-fryslan-begjint-hjir\/\" \/>\n<meta property=\"og:site_name\" content=\"Omrop Fryslan\" \/>\n<meta property=\"article:publisher\" content=\"https:\/\/www.facebook.com\/OmropFryslan\" \/>\n<meta property=\"article:modified_time\" content=\"2025-10-15T09:10:23+00:00\" \/>\n<meta property=\"og:image\" content=\"https:\/\/adverteren.omropfryslan.nl\/wp-content\/uploads\/2025\/10\/Omrop-Fryslan-35-edit-scaled.jpg\" \/>\n\t<meta property=\"og:image:width\" content=\"2560\" \/>\n\t<meta property=\"og:image:height\" content=\"1708\" \/>\n\t<meta property=\"og:image:type\" content=\"image\/jpeg\" \/>\n<meta name=\"twitter:card\" content=\"summary_large_image\" \/>\n<meta name=\"twitter:site\" content=\"@omropfryslan\" \/>\n<meta name=\"twitter:label1\" content=\"Est. reading time\" \/>\n\t<meta name=\"twitter:data1\" content=\"1 minute\" \/>\n<script type=\"application\/ld+json\" class=\"yoast-schema-graph\">{\"@context\":\"https:\/\/schema.org\",\"@graph\":[{\"@type\":\"WebPage\",\"@id\":\"https:\/\/adverteren.omropfryslan.nl\/fy\/suksesfolle-online-kampanje-by-omrop-fryslan-begjint-hjir\/\",\"url\":\"https:\/\/adverteren.omropfryslan.nl\/fy\/suksesfolle-online-kampanje-by-omrop-fryslan-begjint-hjir\/\",\"name\":\"Online adverterje - S\u00faksesfolle online kampanje by Omrop Frysl\u00e2n begjint hjir\",\"isPartOf\":{\"@id\":\"https:\/\/adverteren.omropfryslan.nl\/#website\"},\"primaryImageOfPage\":{\"@id\":\"https:\/\/adverteren.omropfryslan.nl\/fy\/suksesfolle-online-kampanje-by-omrop-fryslan-begjint-hjir\/#primaryimage\"},\"image\":{\"@id\":\"https:\/\/adverteren.omropfryslan.nl\/fy\/suksesfolle-online-kampanje-by-omrop-fryslan-begjint-hjir\/#primaryimage\"},\"thumbnailUrl\":\"https:\/\/adverteren.omropfryslan.nl\/wp-content\/uploads\/2025\/10\/Omrop-Fryslan-35-edit-scaled.jpg\",\"datePublished\":\"2021-01-22T09:53:40+00:00\",\"dateModified\":\"2025-10-15T09:10:23+00:00\",\"description\":\"Dyn online resultaten merkst du direkt tank oan \u00fas online kanalen. Troch \u00fas webside en app wurdt dyn advertinsje faak, goed en doelgerjocht \u00fbnder de oandacht brocht.\",\"breadcrumb\":{\"@id\":\"https:\/\/adverteren.omropfryslan.nl\/fy\/suksesfolle-online-kampanje-by-omrop-fryslan-begjint-hjir\/#breadcrumb\"},\"inLanguage\":\"fy-FY\",\"potentialAction\":[{\"@type\":\"ReadAction\",\"target\":[\"https:\/\/adverteren.omropfryslan.nl\/fy\/suksesfolle-online-kampanje-by-omrop-fryslan-begjint-hjir\/\"]}]},{\"@type\":\"ImageObject\",\"inLanguage\":\"fy-FY\",\"@id\":\"https:\/\/adverteren.omropfryslan.nl\/fy\/suksesfolle-online-kampanje-by-omrop-fryslan-begjint-hjir\/#primaryimage\",\"url\":\"https:\/\/adverteren.omropfryslan.nl\/wp-content\/uploads\/2025\/10\/Omrop-Fryslan-35-edit-scaled.jpg\",\"contentUrl\":\"https:\/\/adverteren.omropfryslan.nl\/wp-content\/uploads\/2025\/10\/Omrop-Fryslan-35-edit-scaled.jpg\",\"width\":2560,\"height\":1708},{\"@type\":\"BreadcrumbList\",\"@id\":\"https:\/\/adverteren.omropfryslan.nl\/fy\/suksesfolle-online-kampanje-by-omrop-fryslan-begjint-hjir\/#breadcrumb\",\"itemListElement\":[{\"@type\":\"ListItem\",\"position\":1,\"name\":\"Home\",\"item\":\"https:\/\/adverteren.omropfryslan.nl\/fy\/home\/\"},{\"@type\":\"ListItem\",\"position\":2,\"name\":\"S\u00faksesfolle online kampanje by Omrop Frysl\u00e2n begjint hjir\"}]},{\"@type\":\"WebSite\",\"@id\":\"https:\/\/adverteren.omropfryslan.nl\/#website\",\"url\":\"https:\/\/adverteren.omropfryslan.nl\/\",\"name\":\"Omrop Fryslan\",\"description\":\"Het laatste nieuws van Frysl\u00e2n\",\"publisher\":{\"@id\":\"https:\/\/adverteren.omropfryslan.nl\/#organization\"},\"potentialAction\":[{\"@type\":\"SearchAction\",\"target\":{\"@type\":\"EntryPoint\",\"urlTemplate\":\"https:\/\/adverteren.omropfryslan.nl\/?s={search_term_string}\"},\"query-input\":{\"@type\":\"PropertyValueSpecification\",\"valueRequired\":true,\"valueName\":\"search_term_string\"}}],\"inLanguage\":\"fy-FY\"},{\"@type\":\"Organization\",\"@id\":\"https:\/\/adverteren.omropfryslan.nl\/#organization\",\"name\":\"Omrop Frysl\u00e2n\",\"url\":\"https:\/\/adverteren.omropfryslan.nl\/\",\"logo\":{\"@type\":\"ImageObject\",\"inLanguage\":\"fy-FY\",\"@id\":\"https:\/\/adverteren.omropfryslan.nl\/#\/schema\/logo\/image\/\",\"url\":\"https:\/\/adverteren.omropfryslan.nl\/wp-content\/uploads\/2021\/01\/omrop_fryslan_logo.jpg\",\"contentUrl\":\"https:\/\/adverteren.omropfryslan.nl\/wp-content\/uploads\/2021\/01\/omrop_fryslan_logo.jpg\",\"width\":2364,\"height\":592,\"caption\":\"Omrop Frysl\u00e2n\"},\"image\":{\"@id\":\"https:\/\/adverteren.omropfryslan.nl\/#\/schema\/logo\/image\/\"},\"sameAs\":[\"https:\/\/www.facebook.com\/OmropFryslan\",\"https:\/\/x.com\/omropfryslan\",\"https:\/\/www.instagram.com\/omropfryslan\/\",\"https:\/\/www.linkedin.com\/company\/omropfryslan\/\",\"https:\/\/www.youtube.com\/user\/OmropFryslan\"]}]}<\/script>\n<!-- \/ Yoast SEO plugin. -->","yoast_head_json":{"title":"Online adverterje - S\u00faksesfolle online kampanje by Omrop Frysl\u00e2n begjint hjir","description":"Dyn online resultaten merkst du direkt tank oan \u00fas online kanalen. Troch \u00fas webside en app wurdt dyn advertinsje faak, goed en doelgerjocht \u00fbnder de oandacht brocht.","robots":{"index":"index","follow":"follow","max-snippet":"max-snippet:-1","max-image-preview":"max-image-preview:large","max-video-preview":"max-video-preview:-1"},"canonical":"https:\/\/adverteren.omropfryslan.nl\/fy\/suksesfolle-online-kampanje-by-omrop-fryslan-begjint-hjir\/","og_locale":"en_US","og_type":"article","og_title":"Online adverterje - S\u00faksesfolle online kampanje by Omrop Frysl\u00e2n begjint hjir","og_description":"Dyn online resultaten merkst du direkt tank oan \u00fas online kanalen. Troch \u00fas webside en app wurdt dyn advertinsje faak, goed en doelgerjocht \u00fbnder de oandacht brocht.","og_url":"https:\/\/adverteren.omropfryslan.nl\/fy\/suksesfolle-online-kampanje-by-omrop-fryslan-begjint-hjir\/","og_site_name":"Omrop Fryslan","article_publisher":"https:\/\/www.facebook.com\/OmropFryslan","article_modified_time":"2025-10-15T09:10:23+00:00","og_image":[{"width":2560,"height":1708,"url":"https:\/\/adverteren.omropfryslan.nl\/wp-content\/uploads\/2025\/10\/Omrop-Fryslan-35-edit-scaled.jpg","type":"image\/jpeg"}],"twitter_card":"summary_large_image","twitter_site":"@omropfryslan","twitter_misc":{"Est. reading time":"1 minute"},"schema":{"@context":"https:\/\/schema.org","@graph":[{"@type":"WebPage","@id":"https:\/\/adverteren.omropfryslan.nl\/fy\/suksesfolle-online-kampanje-by-omrop-fryslan-begjint-hjir\/","url":"https:\/\/adverteren.omropfryslan.nl\/fy\/suksesfolle-online-kampanje-by-omrop-fryslan-begjint-hjir\/","name":"Online adverterje - S\u00faksesfolle online kampanje by Omrop Frysl\u00e2n begjint hjir","isPartOf":{"@id":"https:\/\/adverteren.omropfryslan.nl\/#website"},"primaryImageOfPage":{"@id":"https:\/\/adverteren.omropfryslan.nl\/fy\/suksesfolle-online-kampanje-by-omrop-fryslan-begjint-hjir\/#primaryimage"},"image":{"@id":"https:\/\/adverteren.omropfryslan.nl\/fy\/suksesfolle-online-kampanje-by-omrop-fryslan-begjint-hjir\/#primaryimage"},"thumbnailUrl":"https:\/\/adverteren.omropfryslan.nl\/wp-content\/uploads\/2025\/10\/Omrop-Fryslan-35-edit-scaled.jpg","datePublished":"2021-01-22T09:53:40+00:00","dateModified":"2025-10-15T09:10:23+00:00","description":"Dyn online resultaten merkst du direkt tank oan \u00fas online kanalen. Troch \u00fas webside en app wurdt dyn advertinsje faak, goed en doelgerjocht \u00fbnder de oandacht brocht.","breadcrumb":{"@id":"https:\/\/adverteren.omropfryslan.nl\/fy\/suksesfolle-online-kampanje-by-omrop-fryslan-begjint-hjir\/#breadcrumb"},"inLanguage":"fy-FY","potentialAction":[{"@type":"ReadAction","target":["https:\/\/adverteren.omropfryslan.nl\/fy\/suksesfolle-online-kampanje-by-omrop-fryslan-begjint-hjir\/"]}]},{"@type":"ImageObject","inLanguage":"fy-FY","@id":"https:\/\/adverteren.omropfryslan.nl\/fy\/suksesfolle-online-kampanje-by-omrop-fryslan-begjint-hjir\/#primaryimage","url":"https:\/\/adverteren.omropfryslan.nl\/wp-content\/uploads\/2025\/10\/Omrop-Fryslan-35-edit-scaled.jpg","contentUrl":"https:\/\/adverteren.omropfryslan.nl\/wp-content\/uploads\/2025\/10\/Omrop-Fryslan-35-edit-scaled.jpg","width":2560,"height":1708},{"@type":"BreadcrumbList","@id":"https:\/\/adverteren.omropfryslan.nl\/fy\/suksesfolle-online-kampanje-by-omrop-fryslan-begjint-hjir\/#breadcrumb","itemListElement":[{"@type":"ListItem","position":1,"name":"Home","item":"https:\/\/adverteren.omropfryslan.nl\/fy\/home\/"},{"@type":"ListItem","position":2,"name":"S\u00faksesfolle online kampanje by Omrop Frysl\u00e2n begjint hjir"}]},{"@type":"WebSite","@id":"https:\/\/adverteren.omropfryslan.nl\/#website","url":"https:\/\/adverteren.omropfryslan.nl\/","name":"Omrop Fryslan","description":"Het laatste nieuws van Frysl\u00e2n","publisher":{"@id":"https:\/\/adverteren.omropfryslan.nl\/#organization"},"potentialAction":[{"@type":"SearchAction","target":{"@type":"EntryPoint","urlTemplate":"https:\/\/adverteren.omropfryslan.nl\/?s={search_term_string}"},"query-input":{"@type":"PropertyValueSpecification","valueRequired":true,"valueName":"search_term_string"}}],"inLanguage":"fy-FY"},{"@type":"Organization","@id":"https:\/\/adverteren.omropfryslan.nl\/#organization","name":"Omrop Frysl\u00e2n","url":"https:\/\/adverteren.omropfryslan.nl\/","logo":{"@type":"ImageObject","inLanguage":"fy-FY","@id":"https:\/\/adverteren.omropfryslan.nl\/#\/schema\/logo\/image\/","url":"https:\/\/adverteren.omropfryslan.nl\/wp-content\/uploads\/2021\/01\/omrop_fryslan_logo.jpg","contentUrl":"https:\/\/adverteren.omropfryslan.nl\/wp-content\/uploads\/2021\/01\/omrop_fryslan_logo.jpg","width":2364,"height":592,"caption":"Omrop Frysl\u00e2n"},"image":{"@id":"https:\/\/adverteren.omropfryslan.nl\/#\/schema\/logo\/image\/"},"sameAs":["https:\/\/www.facebook.com\/OmropFryslan","https:\/\/x.com\/omropfryslan","https:\/\/www.instagram.com\/omropfryslan\/","https:\/\/www.linkedin.com\/company\/omropfryslan\/","https:\/\/www.youtube.com\/user\/OmropFryslan"]}]}},"publishpress_future_action":{"enabled":false,"date":"2026-05-09 03:14:48","action":"change-status","newStatus":"draft","terms":[],"taxonomy":"translation_priority","extraData":[]},"publishpress_future_workflow_manual_trigger":{"enabledWorkflows":[]},"_links":{"self":[{"href":"https:\/\/adverteren.omropfryslan.nl\/fy\/wp-json\/wp\/v2\/pages\/5056","targetHints":{"allow":["GET"]}}],"collection":[{"href":"https:\/\/adverteren.omropfryslan.nl\/fy\/wp-json\/wp\/v2\/pages"}],"about":[{"href":"https:\/\/adverteren.omropfryslan.nl\/fy\/wp-json\/wp\/v2\/types\/page"}],"author":[{"embeddable":true,"href":"https:\/\/adverteren.omropfryslan.nl\/fy\/wp-json\/wp\/v2\/users\/1"}],"replies":[{"embeddable":true,"href":"https:\/\/adverteren.omropfryslan.nl\/fy\/wp-json\/wp\/v2\/comments?post=5056"}],"version-history":[{"count":1,"href":"https:\/\/adverteren.omropfryslan.nl\/fy\/wp-json\/wp\/v2\/pages\/5056\/revisions"}],"predecessor-version":[{"id":5076,"href":"https:\/\/adverteren.omropfryslan.nl\/fy\/wp-json\/wp\/v2\/pages\/5056\/revisions\/5076"}],"wp:featuredmedia":[{"embeddable":true,"href":"https:\/\/adverteren.omropfryslan.nl\/fy\/wp-json\/wp\/v2\/media\/5055"}],"wp:attachment":[{"href":"https:\/\/adverteren.omropfryslan.nl\/fy\/wp-json\/wp\/v2\/media?parent=5056"}],"curies":[{"name":"wp","href":"https:\/\/api.w.org\/{rel}","templated":true}]}}