{"id":5081,"date":"2021-02-12T13:03:55","date_gmt":"2021-02-12T12:03:55","guid":{"rendered":"https:\/\/adverteren.omropfryslan.nl\/fergrutsje-dyn-imago-op-telefyzje-mei-omrop-fryslan\/"},"modified":"2026-03-12T14:52:51","modified_gmt":"2026-03-12T13:52:51","slug":"fergrutsje-dyn-imago-op-telefyzje-mei-omrop-fryslan","status":"publish","type":"page","link":"https:\/\/adverteren.omropfryslan.nl\/fy\/fergrutsje-dyn-imago-op-telefyzje-mei-omrop-fryslan\/","title":{"rendered":"Fergrutsje dyn imago op telefyzje mei Omrop Frysl\u00e2n"},"content":{"rendered":"\n<h2 class=\"wp-block-heading\"><strong>Kampanje op telefyzje by Omrop Frysl\u00e2n<\/strong><\/h2>\n\n<p>Do wolst dyn produkt of tsjinst \u00fbnder de oandacht bringe by dyn doelgroep. Reklamespots op telefyzje binne tige geskikt foar imagokampanjes, aksjes en de yntroduksje fan produkten. Kinst se kwyt yn mear as 28 reklameblokken op in dei. Troch de kombinaasje fan byld en l\u00fbd hat komt reklame op telefyzje hiel goed binnen.   <\/p>\n\n<p><\/p>\n\n<h3 class=\"wp-block-heading\"><strong>Dit wat we dy biede:<\/strong><\/h3>\n\n<ul class=\"wp-block-list\">\n<li>Grut berik: 109.000 sjoggers yn de wike<\/li>\n\n\n\n<li>Bekendheid yn de provinsje<\/li>\n\n\n\n<li>Alle kennis en mooglikheden yn eigen h\u00fbs<\/li>\n\n\n\n<li>De b\u00easte begelieding by de produksje fan suksesfolle reklames<\/li>\n\n\n\n<li>Soad \u00fbnderfining mei \u00fatienrinnende br\u00e2nzjes en organisaasjes<\/li>\n\n\n\n<li>In tv-reklame dy\u2019t ek goed yn te setten is op dyn eigen webside en sosjale media<\/li>\n\n\n\n<li>Tagong ta in grut publyk: wykliks berikke we hast de helte fan alle Friezen.<\/li>\n<\/ul>\n","protected":false},"excerpt":{"rendered":"<p>Kampanje op telefyzje by Omrop Frysl\u00e2n Do wolst dyn produkt of tsjinst \u00fbnder de oandacht bringe by dyn doelgroep. Reklamespots op telefyzje binne tige geskikt foar imagokampanjes, aksjes en de yntroduksje fan produkten. Kinst se kwyt yn mear as 28 reklameblokken op in dei. Troch de kombinaasje fan byld en l\u00fbd hat komt reklame op [&hellip;]<\/p>\n","protected":false},"author":1,"featured_media":5080,"parent":0,"menu_order":0,"comment_status":"closed","ping_status":"closed","template":"","meta":{"_acf_changed":false,"_et_pb_use_builder":"off","_et_pb_old_content":"","_et_gb_content_width":"","inline_featured_image":false,"footnotes":""},"class_list":["post-5081","page","type-page","status-publish","has-post-thumbnail","hentry"],"acf":[],"yoast_head":"<!-- This site is optimized with the Yoast SEO plugin v26.1.1 - https:\/\/yoast.com\/wordpress\/plugins\/seo\/ -->\n<title>Adverteren op televisie - Fergrutsje dyn imago op telefyzje mei Omrop Frysl\u00e2n<\/title>\n<meta name=\"description\" content=\"Onze tv-carroussel is vaste prik voor heel veel Friezen. Bereik ze met adverteren op televisie in meer dan 28 reclameblokken per dag.\" \/>\n<meta name=\"robots\" content=\"index, follow, max-snippet:-1, max-image-preview:large, max-video-preview:-1\" \/>\n<link rel=\"canonical\" href=\"https:\/\/adverteren.omropfryslan.nl\/fy\/fergrutsje-dyn-imago-op-telefyzje-mei-omrop-fryslan\/\" \/>\n<meta property=\"og:locale\" content=\"en_US\" \/>\n<meta property=\"og:type\" content=\"article\" \/>\n<meta property=\"og:title\" content=\"Adverteren op televisie - Fergrutsje dyn imago op telefyzje mei Omrop Frysl\u00e2n\" \/>\n<meta property=\"og:description\" content=\"Onze tv-carroussel is vaste prik voor heel veel Friezen. Bereik ze met adverteren op televisie in meer dan 28 reclameblokken per dag.\" \/>\n<meta property=\"og:url\" content=\"https:\/\/adverteren.omropfryslan.nl\/fy\/fergrutsje-dyn-imago-op-telefyzje-mei-omrop-fryslan\/\" \/>\n<meta property=\"og:site_name\" content=\"Omrop Fryslan\" \/>\n<meta property=\"article:publisher\" content=\"https:\/\/www.facebook.com\/OmropFryslan\" \/>\n<meta property=\"article:modified_time\" content=\"2026-03-12T13:52:51+00:00\" \/>\n<meta property=\"og:image\" content=\"https:\/\/adverteren.omropfryslan.nl\/wp-content\/uploads\/2024\/03\/omropfryslan-footer-foto.jpg\" \/>\n\t<meta property=\"og:image:width\" content=\"1200\" \/>\n\t<meta property=\"og:image:height\" content=\"900\" \/>\n\t<meta property=\"og:image:type\" content=\"image\/jpeg\" \/>\n<meta name=\"twitter:card\" content=\"summary_large_image\" \/>\n<meta name=\"twitter:site\" content=\"@omropfryslan\" \/>\n<meta name=\"twitter:label1\" content=\"Est. reading time\" \/>\n\t<meta name=\"twitter:data1\" content=\"1 minute\" \/>\n<script type=\"application\/ld+json\" class=\"yoast-schema-graph\">{\"@context\":\"https:\/\/schema.org\",\"@graph\":[{\"@type\":\"WebPage\",\"@id\":\"https:\/\/adverteren.omropfryslan.nl\/fy\/fergrutsje-dyn-imago-op-telefyzje-mei-omrop-fryslan\/\",\"url\":\"https:\/\/adverteren.omropfryslan.nl\/fy\/fergrutsje-dyn-imago-op-telefyzje-mei-omrop-fryslan\/\",\"name\":\"Adverteren op televisie - Fergrutsje dyn imago op telefyzje mei Omrop Frysl\u00e2n\",\"isPartOf\":{\"@id\":\"https:\/\/adverteren.omropfryslan.nl\/#website\"},\"primaryImageOfPage\":{\"@id\":\"https:\/\/adverteren.omropfryslan.nl\/fy\/fergrutsje-dyn-imago-op-telefyzje-mei-omrop-fryslan\/#primaryimage\"},\"image\":{\"@id\":\"https:\/\/adverteren.omropfryslan.nl\/fy\/fergrutsje-dyn-imago-op-telefyzje-mei-omrop-fryslan\/#primaryimage\"},\"thumbnailUrl\":\"https:\/\/adverteren.omropfryslan.nl\/wp-content\/uploads\/2024\/03\/omropfryslan-footer-foto.jpg\",\"datePublished\":\"2021-02-12T12:03:55+00:00\",\"dateModified\":\"2026-03-12T13:52:51+00:00\",\"description\":\"Onze tv-carroussel is vaste prik voor heel veel Friezen. Bereik ze met adverteren op televisie in meer dan 28 reclameblokken per dag.\",\"breadcrumb\":{\"@id\":\"https:\/\/adverteren.omropfryslan.nl\/fy\/fergrutsje-dyn-imago-op-telefyzje-mei-omrop-fryslan\/#breadcrumb\"},\"inLanguage\":\"fy-FY\",\"potentialAction\":[{\"@type\":\"ReadAction\",\"target\":[\"https:\/\/adverteren.omropfryslan.nl\/fy\/fergrutsje-dyn-imago-op-telefyzje-mei-omrop-fryslan\/\"]}]},{\"@type\":\"ImageObject\",\"inLanguage\":\"fy-FY\",\"@id\":\"https:\/\/adverteren.omropfryslan.nl\/fy\/fergrutsje-dyn-imago-op-telefyzje-mei-omrop-fryslan\/#primaryimage\",\"url\":\"https:\/\/adverteren.omropfryslan.nl\/wp-content\/uploads\/2024\/03\/omropfryslan-footer-foto.jpg\",\"contentUrl\":\"https:\/\/adverteren.omropfryslan.nl\/wp-content\/uploads\/2024\/03\/omropfryslan-footer-foto.jpg\",\"width\":1200,\"height\":900,\"caption\":\"Omrop Fryslan Studio\"},{\"@type\":\"BreadcrumbList\",\"@id\":\"https:\/\/adverteren.omropfryslan.nl\/fy\/fergrutsje-dyn-imago-op-telefyzje-mei-omrop-fryslan\/#breadcrumb\",\"itemListElement\":[{\"@type\":\"ListItem\",\"position\":1,\"name\":\"Home\",\"item\":\"https:\/\/adverteren.omropfryslan.nl\/fy\/home\/\"},{\"@type\":\"ListItem\",\"position\":2,\"name\":\"Fergrutsje dyn imago op telefyzje mei Omrop Frysl\u00e2n\"}]},{\"@type\":\"WebSite\",\"@id\":\"https:\/\/adverteren.omropfryslan.nl\/#website\",\"url\":\"https:\/\/adverteren.omropfryslan.nl\/\",\"name\":\"Omrop Fryslan\",\"description\":\"Het laatste nieuws van Frysl\u00e2n\",\"publisher\":{\"@id\":\"https:\/\/adverteren.omropfryslan.nl\/#organization\"},\"potentialAction\":[{\"@type\":\"SearchAction\",\"target\":{\"@type\":\"EntryPoint\",\"urlTemplate\":\"https:\/\/adverteren.omropfryslan.nl\/?s={search_term_string}\"},\"query-input\":{\"@type\":\"PropertyValueSpecification\",\"valueRequired\":true,\"valueName\":\"search_term_string\"}}],\"inLanguage\":\"fy-FY\"},{\"@type\":\"Organization\",\"@id\":\"https:\/\/adverteren.omropfryslan.nl\/#organization\",\"name\":\"Omrop Frysl\u00e2n\",\"url\":\"https:\/\/adverteren.omropfryslan.nl\/\",\"logo\":{\"@type\":\"ImageObject\",\"inLanguage\":\"fy-FY\",\"@id\":\"https:\/\/adverteren.omropfryslan.nl\/#\/schema\/logo\/image\/\",\"url\":\"https:\/\/adverteren.omropfryslan.nl\/wp-content\/uploads\/2021\/01\/omrop_fryslan_logo.jpg\",\"contentUrl\":\"https:\/\/adverteren.omropfryslan.nl\/wp-content\/uploads\/2021\/01\/omrop_fryslan_logo.jpg\",\"width\":2364,\"height\":592,\"caption\":\"Omrop Frysl\u00e2n\"},\"image\":{\"@id\":\"https:\/\/adverteren.omropfryslan.nl\/#\/schema\/logo\/image\/\"},\"sameAs\":[\"https:\/\/www.facebook.com\/OmropFryslan\",\"https:\/\/x.com\/omropfryslan\",\"https:\/\/www.instagram.com\/omropfryslan\/\",\"https:\/\/www.linkedin.com\/company\/omropfryslan\/\",\"https:\/\/www.youtube.com\/user\/OmropFryslan\"]}]}<\/script>\n<!-- \/ Yoast SEO plugin. -->","yoast_head_json":{"title":"Adverteren op televisie - Fergrutsje dyn imago op telefyzje mei Omrop Frysl\u00e2n","description":"Onze tv-carroussel is vaste prik voor heel veel Friezen. Bereik ze met adverteren op televisie in meer dan 28 reclameblokken per dag.","robots":{"index":"index","follow":"follow","max-snippet":"max-snippet:-1","max-image-preview":"max-image-preview:large","max-video-preview":"max-video-preview:-1"},"canonical":"https:\/\/adverteren.omropfryslan.nl\/fy\/fergrutsje-dyn-imago-op-telefyzje-mei-omrop-fryslan\/","og_locale":"en_US","og_type":"article","og_title":"Adverteren op televisie - Fergrutsje dyn imago op telefyzje mei Omrop Frysl\u00e2n","og_description":"Onze tv-carroussel is vaste prik voor heel veel Friezen. Bereik ze met adverteren op televisie in meer dan 28 reclameblokken per dag.","og_url":"https:\/\/adverteren.omropfryslan.nl\/fy\/fergrutsje-dyn-imago-op-telefyzje-mei-omrop-fryslan\/","og_site_name":"Omrop Fryslan","article_publisher":"https:\/\/www.facebook.com\/OmropFryslan","article_modified_time":"2026-03-12T13:52:51+00:00","og_image":[{"width":1200,"height":900,"url":"https:\/\/adverteren.omropfryslan.nl\/wp-content\/uploads\/2024\/03\/omropfryslan-footer-foto.jpg","type":"image\/jpeg"}],"twitter_card":"summary_large_image","twitter_site":"@omropfryslan","twitter_misc":{"Est. reading time":"1 minute"},"schema":{"@context":"https:\/\/schema.org","@graph":[{"@type":"WebPage","@id":"https:\/\/adverteren.omropfryslan.nl\/fy\/fergrutsje-dyn-imago-op-telefyzje-mei-omrop-fryslan\/","url":"https:\/\/adverteren.omropfryslan.nl\/fy\/fergrutsje-dyn-imago-op-telefyzje-mei-omrop-fryslan\/","name":"Adverteren op televisie - Fergrutsje dyn imago op telefyzje mei Omrop Frysl\u00e2n","isPartOf":{"@id":"https:\/\/adverteren.omropfryslan.nl\/#website"},"primaryImageOfPage":{"@id":"https:\/\/adverteren.omropfryslan.nl\/fy\/fergrutsje-dyn-imago-op-telefyzje-mei-omrop-fryslan\/#primaryimage"},"image":{"@id":"https:\/\/adverteren.omropfryslan.nl\/fy\/fergrutsje-dyn-imago-op-telefyzje-mei-omrop-fryslan\/#primaryimage"},"thumbnailUrl":"https:\/\/adverteren.omropfryslan.nl\/wp-content\/uploads\/2024\/03\/omropfryslan-footer-foto.jpg","datePublished":"2021-02-12T12:03:55+00:00","dateModified":"2026-03-12T13:52:51+00:00","description":"Onze tv-carroussel is vaste prik voor heel veel Friezen. Bereik ze met adverteren op televisie in meer dan 28 reclameblokken per dag.","breadcrumb":{"@id":"https:\/\/adverteren.omropfryslan.nl\/fy\/fergrutsje-dyn-imago-op-telefyzje-mei-omrop-fryslan\/#breadcrumb"},"inLanguage":"fy-FY","potentialAction":[{"@type":"ReadAction","target":["https:\/\/adverteren.omropfryslan.nl\/fy\/fergrutsje-dyn-imago-op-telefyzje-mei-omrop-fryslan\/"]}]},{"@type":"ImageObject","inLanguage":"fy-FY","@id":"https:\/\/adverteren.omropfryslan.nl\/fy\/fergrutsje-dyn-imago-op-telefyzje-mei-omrop-fryslan\/#primaryimage","url":"https:\/\/adverteren.omropfryslan.nl\/wp-content\/uploads\/2024\/03\/omropfryslan-footer-foto.jpg","contentUrl":"https:\/\/adverteren.omropfryslan.nl\/wp-content\/uploads\/2024\/03\/omropfryslan-footer-foto.jpg","width":1200,"height":900,"caption":"Omrop Fryslan Studio"},{"@type":"BreadcrumbList","@id":"https:\/\/adverteren.omropfryslan.nl\/fy\/fergrutsje-dyn-imago-op-telefyzje-mei-omrop-fryslan\/#breadcrumb","itemListElement":[{"@type":"ListItem","position":1,"name":"Home","item":"https:\/\/adverteren.omropfryslan.nl\/fy\/home\/"},{"@type":"ListItem","position":2,"name":"Fergrutsje dyn imago op telefyzje mei Omrop Frysl\u00e2n"}]},{"@type":"WebSite","@id":"https:\/\/adverteren.omropfryslan.nl\/#website","url":"https:\/\/adverteren.omropfryslan.nl\/","name":"Omrop Fryslan","description":"Het laatste nieuws van Frysl\u00e2n","publisher":{"@id":"https:\/\/adverteren.omropfryslan.nl\/#organization"},"potentialAction":[{"@type":"SearchAction","target":{"@type":"EntryPoint","urlTemplate":"https:\/\/adverteren.omropfryslan.nl\/?s={search_term_string}"},"query-input":{"@type":"PropertyValueSpecification","valueRequired":true,"valueName":"search_term_string"}}],"inLanguage":"fy-FY"},{"@type":"Organization","@id":"https:\/\/adverteren.omropfryslan.nl\/#organization","name":"Omrop Frysl\u00e2n","url":"https:\/\/adverteren.omropfryslan.nl\/","logo":{"@type":"ImageObject","inLanguage":"fy-FY","@id":"https:\/\/adverteren.omropfryslan.nl\/#\/schema\/logo\/image\/","url":"https:\/\/adverteren.omropfryslan.nl\/wp-content\/uploads\/2021\/01\/omrop_fryslan_logo.jpg","contentUrl":"https:\/\/adverteren.omropfryslan.nl\/wp-content\/uploads\/2021\/01\/omrop_fryslan_logo.jpg","width":2364,"height":592,"caption":"Omrop Frysl\u00e2n"},"image":{"@id":"https:\/\/adverteren.omropfryslan.nl\/#\/schema\/logo\/image\/"},"sameAs":["https:\/\/www.facebook.com\/OmropFryslan","https:\/\/x.com\/omropfryslan","https:\/\/www.instagram.com\/omropfryslan\/","https:\/\/www.linkedin.com\/company\/omropfryslan\/","https:\/\/www.youtube.com\/user\/OmropFryslan"]}]}},"publishpress_future_action":{"enabled":false,"date":"2026-05-09 03:14:48","action":"change-status","newStatus":"draft","terms":[],"taxonomy":"translation_priority","extraData":[]},"publishpress_future_workflow_manual_trigger":{"enabledWorkflows":[]},"_links":{"self":[{"href":"https:\/\/adverteren.omropfryslan.nl\/fy\/wp-json\/wp\/v2\/pages\/5081","targetHints":{"allow":["GET"]}}],"collection":[{"href":"https:\/\/adverteren.omropfryslan.nl\/fy\/wp-json\/wp\/v2\/pages"}],"about":[{"href":"https:\/\/adverteren.omropfryslan.nl\/fy\/wp-json\/wp\/v2\/types\/page"}],"author":[{"embeddable":true,"href":"https:\/\/adverteren.omropfryslan.nl\/fy\/wp-json\/wp\/v2\/users\/1"}],"replies":[{"embeddable":true,"href":"https:\/\/adverteren.omropfryslan.nl\/fy\/wp-json\/wp\/v2\/comments?post=5081"}],"version-history":[{"count":5,"href":"https:\/\/adverteren.omropfryslan.nl\/fy\/wp-json\/wp\/v2\/pages\/5081\/revisions"}],"predecessor-version":[{"id":5298,"href":"https:\/\/adverteren.omropfryslan.nl\/fy\/wp-json\/wp\/v2\/pages\/5081\/revisions\/5298"}],"wp:featuredmedia":[{"embeddable":true,"href":"https:\/\/adverteren.omropfryslan.nl\/fy\/wp-json\/wp\/v2\/media\/5080"}],"wp:attachment":[{"href":"https:\/\/adverteren.omropfryslan.nl\/fy\/wp-json\/wp\/v2\/media?parent=5081"}],"curies":[{"name":"wp","href":"https:\/\/api.w.org\/{rel}","templated":true}]}}