{"id":5098,"date":"2021-02-12T13:19:55","date_gmt":"2021-02-12T12:19:55","guid":{"rendered":"https:\/\/adverteren.omropfryslan.nl\/wurkje-oan-nammebekendheid-fia-radio-by-omrop-fryslan\/"},"modified":"2025-10-15T10:12:37","modified_gmt":"2025-10-15T09:12:37","slug":"wurkje-oan-nammebekendheid-fia-radio-by-omrop-fryslan","status":"publish","type":"page","link":"https:\/\/adverteren.omropfryslan.nl\/fy\/wurkje-oan-nammebekendheid-fia-radio-by-omrop-fryslan\/","title":{"rendered":"Wurkje oan nammebekendheid fia radio by Omrop Frysl\u00e2n"},"content":{"rendered":"\n<h2 class=\"wp-block-heading\"><strong>In radiokampanje by Omrop Frysl\u00e2n<\/strong><\/h2>\n\n<p>Do bist goed yn dyn wurk en do wolst dyn tsjinst of produkt \u00fbnder de oandacht bringe. De mooglikheden d\u00earfoar binne s\u00fbnder ein. Wat is de b\u00easte kar? In kampanje op tradisjonele media as radio is fluch, fertroud en maklik. Oft dit kanaal foar dy de b\u00easte kar is om dyn klant te berikken? We help dy om dat \u00fat te sykjen.<\/p>\n\n<p><\/p>\n\n<h3 class=\"wp-block-heading\"><strong>Seis redenen foar in radiokampanje by \u00fas:<\/strong><\/h3>\n\n<ul class=\"wp-block-list\">\n<li>Wy stean yn de top 3 fan best beharke radiostasjons fan Frysl\u00e2<\/li>\n\n\n\n<li>Grut berik: 102.000 harkers wyks<\/li>\n\n\n\n<li>Alle kennis en mooglikheden yn eigen h\u00fbs<\/li>\n\n\n\n<li>We begeliede al 25 jier de produksje fan suksesfolle reklamespots<\/li>\n\n\n\n<li>Soad \u00fbnderfining mei \u00fatienrinnende br\u00e2nzjes en organisaasjes<\/li>\n\n\n\n<li>Ek ideaal om yn te setten foar tydlike aksjes of boadskippen<\/li>\n<\/ul>\n","protected":false},"excerpt":{"rendered":"<p>In radiokampanje by Omrop Frysl\u00e2n Do bist goed yn dyn wurk en do wolst dyn tsjinst of produkt \u00fbnder de oandacht bringe. De mooglikheden d\u00earfoar binne s\u00fbnder ein. Wat is de b\u00easte kar? In kampanje op tradisjonele media as radio is fluch, fertroud en maklik. Oft dit kanaal foar dy de b\u00easte kar is om [&hellip;]<\/p>\n","protected":false},"author":1,"featured_media":5097,"parent":0,"menu_order":0,"comment_status":"closed","ping_status":"closed","template":"","meta":{"_acf_changed":false,"_et_pb_use_builder":"off","_et_pb_old_content":"","_et_gb_content_width":"","inline_featured_image":false,"footnotes":""},"class_list":["post-5098","page","type-page","status-publish","has-post-thumbnail","hentry"],"acf":[],"yoast_head":"<!-- This site is optimized with the Yoast SEO plugin v26.1.1 - https:\/\/yoast.com\/wordpress\/plugins\/seo\/ -->\n<title>Adverterje op radio - Wurkje oan nammebekendheid fia radio by Omrop Frysl\u00e2n<\/title>\n<meta name=\"description\" content=\"It meast tradisjonele medium, radio, is noch altyd en oeralt: th\u00fas, yn \u2019e auto, op it wurk, online. Boek hjir dyn radiokampanje\" \/>\n<meta name=\"robots\" content=\"index, follow, max-snippet:-1, max-image-preview:large, max-video-preview:-1\" \/>\n<link rel=\"canonical\" href=\"https:\/\/adverteren.omropfryslan.nl\/fy\/wurkje-oan-nammebekendheid-fia-radio-by-omrop-fryslan\/\" \/>\n<meta property=\"og:locale\" content=\"en_US\" \/>\n<meta property=\"og:type\" content=\"article\" \/>\n<meta property=\"og:title\" content=\"Adverterje op radio - Wurkje oan nammebekendheid fia radio by Omrop Frysl\u00e2n\" \/>\n<meta property=\"og:description\" content=\"It meast tradisjonele medium, radio, is noch altyd en oeralt: th\u00fas, yn \u2019e auto, op it wurk, online. Boek hjir dyn radiokampanje\" \/>\n<meta property=\"og:url\" content=\"https:\/\/adverteren.omropfryslan.nl\/fy\/wurkje-oan-nammebekendheid-fia-radio-by-omrop-fryslan\/\" \/>\n<meta property=\"og:site_name\" content=\"Omrop Fryslan\" \/>\n<meta property=\"article:publisher\" content=\"https:\/\/www.facebook.com\/OmropFryslan\" \/>\n<meta property=\"article:modified_time\" content=\"2025-10-15T09:12:37+00:00\" \/>\n<meta property=\"og:image\" content=\"https:\/\/adverteren.omropfryslan.nl\/wp-content\/uploads\/2023\/02\/Radio-Header.jpg\" \/>\n\t<meta property=\"og:image:width\" content=\"1920\" \/>\n\t<meta property=\"og:image:height\" content=\"1080\" \/>\n\t<meta property=\"og:image:type\" content=\"image\/jpeg\" \/>\n<meta name=\"twitter:card\" content=\"summary_large_image\" \/>\n<meta name=\"twitter:site\" content=\"@omropfryslan\" \/>\n<meta name=\"twitter:label1\" content=\"Est. reading time\" \/>\n\t<meta name=\"twitter:data1\" content=\"1 minute\" \/>\n<script type=\"application\/ld+json\" class=\"yoast-schema-graph\">{\"@context\":\"https:\/\/schema.org\",\"@graph\":[{\"@type\":\"WebPage\",\"@id\":\"https:\/\/adverteren.omropfryslan.nl\/fy\/wurkje-oan-nammebekendheid-fia-radio-by-omrop-fryslan\/\",\"url\":\"https:\/\/adverteren.omropfryslan.nl\/fy\/wurkje-oan-nammebekendheid-fia-radio-by-omrop-fryslan\/\",\"name\":\"Adverterje op radio - Wurkje oan nammebekendheid fia radio by Omrop Frysl\u00e2n\",\"isPartOf\":{\"@id\":\"https:\/\/adverteren.omropfryslan.nl\/#website\"},\"primaryImageOfPage\":{\"@id\":\"https:\/\/adverteren.omropfryslan.nl\/fy\/wurkje-oan-nammebekendheid-fia-radio-by-omrop-fryslan\/#primaryimage\"},\"image\":{\"@id\":\"https:\/\/adverteren.omropfryslan.nl\/fy\/wurkje-oan-nammebekendheid-fia-radio-by-omrop-fryslan\/#primaryimage\"},\"thumbnailUrl\":\"https:\/\/adverteren.omropfryslan.nl\/wp-content\/uploads\/2023\/02\/Radio-Header.jpg\",\"datePublished\":\"2021-02-12T12:19:55+00:00\",\"dateModified\":\"2025-10-15T09:12:37+00:00\",\"description\":\"It meast tradisjonele medium, radio, is noch altyd en oeralt: th\u00fas, yn \u2019e auto, op it wurk, online. Boek hjir dyn radiokampanje\",\"breadcrumb\":{\"@id\":\"https:\/\/adverteren.omropfryslan.nl\/fy\/wurkje-oan-nammebekendheid-fia-radio-by-omrop-fryslan\/#breadcrumb\"},\"inLanguage\":\"fy-FY\",\"potentialAction\":[{\"@type\":\"ReadAction\",\"target\":[\"https:\/\/adverteren.omropfryslan.nl\/fy\/wurkje-oan-nammebekendheid-fia-radio-by-omrop-fryslan\/\"]}]},{\"@type\":\"ImageObject\",\"inLanguage\":\"fy-FY\",\"@id\":\"https:\/\/adverteren.omropfryslan.nl\/fy\/wurkje-oan-nammebekendheid-fia-radio-by-omrop-fryslan\/#primaryimage\",\"url\":\"https:\/\/adverteren.omropfryslan.nl\/wp-content\/uploads\/2023\/02\/Radio-Header.jpg\",\"contentUrl\":\"https:\/\/adverteren.omropfryslan.nl\/wp-content\/uploads\/2023\/02\/Radio-Header.jpg\",\"width\":1920,\"height\":1080},{\"@type\":\"BreadcrumbList\",\"@id\":\"https:\/\/adverteren.omropfryslan.nl\/fy\/wurkje-oan-nammebekendheid-fia-radio-by-omrop-fryslan\/#breadcrumb\",\"itemListElement\":[{\"@type\":\"ListItem\",\"position\":1,\"name\":\"Home\",\"item\":\"https:\/\/adverteren.omropfryslan.nl\/fy\/home\/\"},{\"@type\":\"ListItem\",\"position\":2,\"name\":\"Wurkje oan nammebekendheid fia radio by Omrop Frysl\u00e2n\"}]},{\"@type\":\"WebSite\",\"@id\":\"https:\/\/adverteren.omropfryslan.nl\/#website\",\"url\":\"https:\/\/adverteren.omropfryslan.nl\/\",\"name\":\"Omrop Fryslan\",\"description\":\"Het laatste nieuws van Frysl\u00e2n\",\"publisher\":{\"@id\":\"https:\/\/adverteren.omropfryslan.nl\/#organization\"},\"potentialAction\":[{\"@type\":\"SearchAction\",\"target\":{\"@type\":\"EntryPoint\",\"urlTemplate\":\"https:\/\/adverteren.omropfryslan.nl\/?s={search_term_string}\"},\"query-input\":{\"@type\":\"PropertyValueSpecification\",\"valueRequired\":true,\"valueName\":\"search_term_string\"}}],\"inLanguage\":\"fy-FY\"},{\"@type\":\"Organization\",\"@id\":\"https:\/\/adverteren.omropfryslan.nl\/#organization\",\"name\":\"Omrop Frysl\u00e2n\",\"url\":\"https:\/\/adverteren.omropfryslan.nl\/\",\"logo\":{\"@type\":\"ImageObject\",\"inLanguage\":\"fy-FY\",\"@id\":\"https:\/\/adverteren.omropfryslan.nl\/#\/schema\/logo\/image\/\",\"url\":\"https:\/\/adverteren.omropfryslan.nl\/wp-content\/uploads\/2021\/01\/omrop_fryslan_logo.jpg\",\"contentUrl\":\"https:\/\/adverteren.omropfryslan.nl\/wp-content\/uploads\/2021\/01\/omrop_fryslan_logo.jpg\",\"width\":2364,\"height\":592,\"caption\":\"Omrop Frysl\u00e2n\"},\"image\":{\"@id\":\"https:\/\/adverteren.omropfryslan.nl\/#\/schema\/logo\/image\/\"},\"sameAs\":[\"https:\/\/www.facebook.com\/OmropFryslan\",\"https:\/\/x.com\/omropfryslan\",\"https:\/\/www.instagram.com\/omropfryslan\/\",\"https:\/\/www.linkedin.com\/company\/omropfryslan\/\",\"https:\/\/www.youtube.com\/user\/OmropFryslan\"]}]}<\/script>\n<!-- \/ Yoast SEO plugin. -->","yoast_head_json":{"title":"Adverterje op radio - Wurkje oan nammebekendheid fia radio by Omrop Frysl\u00e2n","description":"It meast tradisjonele medium, radio, is noch altyd en oeralt: th\u00fas, yn \u2019e auto, op it wurk, online. Boek hjir dyn radiokampanje","robots":{"index":"index","follow":"follow","max-snippet":"max-snippet:-1","max-image-preview":"max-image-preview:large","max-video-preview":"max-video-preview:-1"},"canonical":"https:\/\/adverteren.omropfryslan.nl\/fy\/wurkje-oan-nammebekendheid-fia-radio-by-omrop-fryslan\/","og_locale":"en_US","og_type":"article","og_title":"Adverterje op radio - Wurkje oan nammebekendheid fia radio by Omrop Frysl\u00e2n","og_description":"It meast tradisjonele medium, radio, is noch altyd en oeralt: th\u00fas, yn \u2019e auto, op it wurk, online. Boek hjir dyn radiokampanje","og_url":"https:\/\/adverteren.omropfryslan.nl\/fy\/wurkje-oan-nammebekendheid-fia-radio-by-omrop-fryslan\/","og_site_name":"Omrop Fryslan","article_publisher":"https:\/\/www.facebook.com\/OmropFryslan","article_modified_time":"2025-10-15T09:12:37+00:00","og_image":[{"width":1920,"height":1080,"url":"https:\/\/adverteren.omropfryslan.nl\/wp-content\/uploads\/2023\/02\/Radio-Header.jpg","type":"image\/jpeg"}],"twitter_card":"summary_large_image","twitter_site":"@omropfryslan","twitter_misc":{"Est. reading time":"1 minute"},"schema":{"@context":"https:\/\/schema.org","@graph":[{"@type":"WebPage","@id":"https:\/\/adverteren.omropfryslan.nl\/fy\/wurkje-oan-nammebekendheid-fia-radio-by-omrop-fryslan\/","url":"https:\/\/adverteren.omropfryslan.nl\/fy\/wurkje-oan-nammebekendheid-fia-radio-by-omrop-fryslan\/","name":"Adverterje op radio - Wurkje oan nammebekendheid fia radio by Omrop Frysl\u00e2n","isPartOf":{"@id":"https:\/\/adverteren.omropfryslan.nl\/#website"},"primaryImageOfPage":{"@id":"https:\/\/adverteren.omropfryslan.nl\/fy\/wurkje-oan-nammebekendheid-fia-radio-by-omrop-fryslan\/#primaryimage"},"image":{"@id":"https:\/\/adverteren.omropfryslan.nl\/fy\/wurkje-oan-nammebekendheid-fia-radio-by-omrop-fryslan\/#primaryimage"},"thumbnailUrl":"https:\/\/adverteren.omropfryslan.nl\/wp-content\/uploads\/2023\/02\/Radio-Header.jpg","datePublished":"2021-02-12T12:19:55+00:00","dateModified":"2025-10-15T09:12:37+00:00","description":"It meast tradisjonele medium, radio, is noch altyd en oeralt: th\u00fas, yn \u2019e auto, op it wurk, online. Boek hjir dyn radiokampanje","breadcrumb":{"@id":"https:\/\/adverteren.omropfryslan.nl\/fy\/wurkje-oan-nammebekendheid-fia-radio-by-omrop-fryslan\/#breadcrumb"},"inLanguage":"fy-FY","potentialAction":[{"@type":"ReadAction","target":["https:\/\/adverteren.omropfryslan.nl\/fy\/wurkje-oan-nammebekendheid-fia-radio-by-omrop-fryslan\/"]}]},{"@type":"ImageObject","inLanguage":"fy-FY","@id":"https:\/\/adverteren.omropfryslan.nl\/fy\/wurkje-oan-nammebekendheid-fia-radio-by-omrop-fryslan\/#primaryimage","url":"https:\/\/adverteren.omropfryslan.nl\/wp-content\/uploads\/2023\/02\/Radio-Header.jpg","contentUrl":"https:\/\/adverteren.omropfryslan.nl\/wp-content\/uploads\/2023\/02\/Radio-Header.jpg","width":1920,"height":1080},{"@type":"BreadcrumbList","@id":"https:\/\/adverteren.omropfryslan.nl\/fy\/wurkje-oan-nammebekendheid-fia-radio-by-omrop-fryslan\/#breadcrumb","itemListElement":[{"@type":"ListItem","position":1,"name":"Home","item":"https:\/\/adverteren.omropfryslan.nl\/fy\/home\/"},{"@type":"ListItem","position":2,"name":"Wurkje oan nammebekendheid fia radio by Omrop Frysl\u00e2n"}]},{"@type":"WebSite","@id":"https:\/\/adverteren.omropfryslan.nl\/#website","url":"https:\/\/adverteren.omropfryslan.nl\/","name":"Omrop Fryslan","description":"Het laatste nieuws van Frysl\u00e2n","publisher":{"@id":"https:\/\/adverteren.omropfryslan.nl\/#organization"},"potentialAction":[{"@type":"SearchAction","target":{"@type":"EntryPoint","urlTemplate":"https:\/\/adverteren.omropfryslan.nl\/?s={search_term_string}"},"query-input":{"@type":"PropertyValueSpecification","valueRequired":true,"valueName":"search_term_string"}}],"inLanguage":"fy-FY"},{"@type":"Organization","@id":"https:\/\/adverteren.omropfryslan.nl\/#organization","name":"Omrop Frysl\u00e2n","url":"https:\/\/adverteren.omropfryslan.nl\/","logo":{"@type":"ImageObject","inLanguage":"fy-FY","@id":"https:\/\/adverteren.omropfryslan.nl\/#\/schema\/logo\/image\/","url":"https:\/\/adverteren.omropfryslan.nl\/wp-content\/uploads\/2021\/01\/omrop_fryslan_logo.jpg","contentUrl":"https:\/\/adverteren.omropfryslan.nl\/wp-content\/uploads\/2021\/01\/omrop_fryslan_logo.jpg","width":2364,"height":592,"caption":"Omrop Frysl\u00e2n"},"image":{"@id":"https:\/\/adverteren.omropfryslan.nl\/#\/schema\/logo\/image\/"},"sameAs":["https:\/\/www.facebook.com\/OmropFryslan","https:\/\/x.com\/omropfryslan","https:\/\/www.instagram.com\/omropfryslan\/","https:\/\/www.linkedin.com\/company\/omropfryslan\/","https:\/\/www.youtube.com\/user\/OmropFryslan"]}]}},"publishpress_future_action":{"enabled":false,"date":"2026-05-09 02:39:21","action":"change-status","newStatus":"draft","terms":[],"taxonomy":"translation_priority","extraData":[]},"publishpress_future_workflow_manual_trigger":{"enabledWorkflows":[]},"_links":{"self":[{"href":"https:\/\/adverteren.omropfryslan.nl\/fy\/wp-json\/wp\/v2\/pages\/5098","targetHints":{"allow":["GET"]}}],"collection":[{"href":"https:\/\/adverteren.omropfryslan.nl\/fy\/wp-json\/wp\/v2\/pages"}],"about":[{"href":"https:\/\/adverteren.omropfryslan.nl\/fy\/wp-json\/wp\/v2\/types\/page"}],"author":[{"embeddable":true,"href":"https:\/\/adverteren.omropfryslan.nl\/fy\/wp-json\/wp\/v2\/users\/1"}],"replies":[{"embeddable":true,"href":"https:\/\/adverteren.omropfryslan.nl\/fy\/wp-json\/wp\/v2\/comments?post=5098"}],"version-history":[{"count":1,"href":"https:\/\/adverteren.omropfryslan.nl\/fy\/wp-json\/wp\/v2\/pages\/5098\/revisions"}],"predecessor-version":[{"id":5110,"href":"https:\/\/adverteren.omropfryslan.nl\/fy\/wp-json\/wp\/v2\/pages\/5098\/revisions\/5110"}],"wp:featuredmedia":[{"embeddable":true,"href":"https:\/\/adverteren.omropfryslan.nl\/fy\/wp-json\/wp\/v2\/media\/5097"}],"wp:attachment":[{"href":"https:\/\/adverteren.omropfryslan.nl\/fy\/wp-json\/wp\/v2\/media?parent=5098"}],"curies":[{"name":"wp","href":"https:\/\/api.w.org\/{rel}","templated":true}]}}