{"id":5113,"date":"2021-02-09T14:15:40","date_gmt":"2021-02-09T13:15:40","guid":{"rendered":"https:\/\/adverteren.omropfryslan.nl\/kom-yn-de-kunde-mei-us-team\/"},"modified":"2025-10-20T09:38:04","modified_gmt":"2025-10-20T08:38:04","slug":"kom-yn-de-kunde-mei-us-team","status":"publish","type":"page","link":"https:\/\/adverteren.omropfryslan.nl\/fy\/kom-yn-de-kunde-mei-us-team\/","title":{"rendered":"Kom yn de kunde mei \u00fas team"},"content":{"rendered":"\n<h2 class=\"wp-block-heading\">Mei elkoar soargje wy foar sichtberens<\/h2>\n\n<p>Us akkountmanagers Ronald en Silke, \u00fas kommersjeel meiwurker binnentsjinst Ferdinanda en \u00fas backofficemeiwurkers Annemarie en Roelie binne altyd yn foar in goed petear, in brainstoarm of in earlike miening. Ut alles dat we oan kampanjemooglikheden by Omro Frysl\u00e2n te bieden hawwe, jouw we dy graach it b\u00easte advys. <\/p>\n\n<p>Fan advys en strategy oant offerte en \u00fatfiering nimme we dy mei yn it proses. Mei-inoar soargje wy foar dyn sichtberens op \u00fas platfoarms en berik yn de hiele provinsje.  Bist klear foar in suksesfolle marketingkampanje? Nim dan no kontakt op. <\/p>\n","protected":false},"excerpt":{"rendered":"<p>Mei elkoar soargje wy foar sichtberens Us akkountmanagers Ronald en Silke, \u00fas kommersjeel meiwurker binnentsjinst Ferdinanda en \u00fas backofficemeiwurkers Annemarie en Roelie binne altyd yn foar in goed petear, in brainstoarm of in earlike miening. Ut alles dat we oan kampanjemooglikheden by Omro Frysl\u00e2n te bieden hawwe, jouw we dy graach it b\u00easte advys. Fan [&hellip;]<\/p>\n","protected":false},"author":1,"featured_media":5112,"parent":0,"menu_order":0,"comment_status":"closed","ping_status":"closed","template":"","meta":{"_acf_changed":false,"_et_pb_use_builder":"off","_et_pb_old_content":"","_et_gb_content_width":"","inline_featured_image":false,"footnotes":""},"class_list":["post-5113","page","type-page","status-publish","has-post-thumbnail","hentry"],"acf":[],"yoast_head":"<!-- This site is optimized with the Yoast SEO plugin v26.1.1 - https:\/\/yoast.com\/wordpress\/plugins\/seo\/ -->\n<title>Kom yn de kunde mei \u00fas team - Omrop Fryslan<\/title>\n<meta name=\"description\" content=\"Nim kontakt op mei \u00fas team foar direkt en goed advys oer kampanjes by Omrop Frysl\u00e2n. Do fynst \u00fas kontaktgegevens hjir.\" \/>\n<meta name=\"robots\" content=\"index, follow, max-snippet:-1, max-image-preview:large, max-video-preview:-1\" \/>\n<link rel=\"canonical\" href=\"https:\/\/adverteren.omropfryslan.nl\/fy\/kom-yn-de-kunde-mei-us-team\/\" \/>\n<meta property=\"og:locale\" content=\"en_US\" \/>\n<meta property=\"og:type\" content=\"article\" \/>\n<meta property=\"og:title\" content=\"Kom yn de kunde mei \u00fas team - Omrop Fryslan\" \/>\n<meta property=\"og:description\" content=\"Nim kontakt op mei \u00fas team foar direkt en goed advys oer kampanjes by Omrop Frysl\u00e2n. Do fynst \u00fas kontaktgegevens hjir.\" \/>\n<meta property=\"og:url\" content=\"https:\/\/adverteren.omropfryslan.nl\/fy\/kom-yn-de-kunde-mei-us-team\/\" \/>\n<meta property=\"og:site_name\" content=\"Omrop Fryslan\" \/>\n<meta property=\"article:publisher\" content=\"https:\/\/www.facebook.com\/OmropFryslan\" \/>\n<meta property=\"article:modified_time\" content=\"2025-10-20T08:38:04+00:00\" \/>\n<meta property=\"og:image\" content=\"https:\/\/adverteren.omropfryslan.nl\/wp-content\/uploads\/2025\/08\/Omrop-Afd-Reklame-2LR-1-e1755588425823.jpg\" \/>\n\t<meta property=\"og:image:width\" content=\"2048\" \/>\n\t<meta property=\"og:image:height\" content=\"526\" \/>\n\t<meta property=\"og:image:type\" content=\"image\/jpeg\" \/>\n<meta name=\"twitter:card\" content=\"summary_large_image\" \/>\n<meta name=\"twitter:site\" content=\"@omropfryslan\" \/>\n<script type=\"application\/ld+json\" class=\"yoast-schema-graph\">{\"@context\":\"https:\/\/schema.org\",\"@graph\":[{\"@type\":\"WebPage\",\"@id\":\"https:\/\/adverteren.omropfryslan.nl\/fy\/kom-yn-de-kunde-mei-us-team\/\",\"url\":\"https:\/\/adverteren.omropfryslan.nl\/fy\/kom-yn-de-kunde-mei-us-team\/\",\"name\":\"Kom yn de kunde mei \u00fas team - Omrop Fryslan\",\"isPartOf\":{\"@id\":\"https:\/\/adverteren.omropfryslan.nl\/#website\"},\"primaryImageOfPage\":{\"@id\":\"https:\/\/adverteren.omropfryslan.nl\/fy\/kom-yn-de-kunde-mei-us-team\/#primaryimage\"},\"image\":{\"@id\":\"https:\/\/adverteren.omropfryslan.nl\/fy\/kom-yn-de-kunde-mei-us-team\/#primaryimage\"},\"thumbnailUrl\":\"https:\/\/adverteren.omropfryslan.nl\/wp-content\/uploads\/2025\/08\/Omrop-Afd-Reklame-2LR-1-e1755588425823.jpg\",\"datePublished\":\"2021-02-09T13:15:40+00:00\",\"dateModified\":\"2025-10-20T08:38:04+00:00\",\"description\":\"Nim kontakt op mei \u00fas team foar direkt en goed advys oer kampanjes by Omrop Frysl\u00e2n. Do fynst \u00fas kontaktgegevens hjir.\",\"breadcrumb\":{\"@id\":\"https:\/\/adverteren.omropfryslan.nl\/fy\/kom-yn-de-kunde-mei-us-team\/#breadcrumb\"},\"inLanguage\":\"fy-FY\",\"potentialAction\":[{\"@type\":\"ReadAction\",\"target\":[\"https:\/\/adverteren.omropfryslan.nl\/fy\/kom-yn-de-kunde-mei-us-team\/\"]}]},{\"@type\":\"ImageObject\",\"inLanguage\":\"fy-FY\",\"@id\":\"https:\/\/adverteren.omropfryslan.nl\/fy\/kom-yn-de-kunde-mei-us-team\/#primaryimage\",\"url\":\"https:\/\/adverteren.omropfryslan.nl\/wp-content\/uploads\/2025\/08\/Omrop-Afd-Reklame-2LR-1-e1755588425823.jpg\",\"contentUrl\":\"https:\/\/adverteren.omropfryslan.nl\/wp-content\/uploads\/2025\/08\/Omrop-Afd-Reklame-2LR-1-e1755588425823.jpg\",\"width\":2048,\"height\":526},{\"@type\":\"BreadcrumbList\",\"@id\":\"https:\/\/adverteren.omropfryslan.nl\/fy\/kom-yn-de-kunde-mei-us-team\/#breadcrumb\",\"itemListElement\":[{\"@type\":\"ListItem\",\"position\":1,\"name\":\"Home\",\"item\":\"https:\/\/adverteren.omropfryslan.nl\/fy\/home\/\"},{\"@type\":\"ListItem\",\"position\":2,\"name\":\"Kom yn de kunde mei \u00fas team\"}]},{\"@type\":\"WebSite\",\"@id\":\"https:\/\/adverteren.omropfryslan.nl\/#website\",\"url\":\"https:\/\/adverteren.omropfryslan.nl\/\",\"name\":\"Omrop Fryslan\",\"description\":\"Het laatste nieuws van Frysl\u00e2n\",\"publisher\":{\"@id\":\"https:\/\/adverteren.omropfryslan.nl\/#organization\"},\"potentialAction\":[{\"@type\":\"SearchAction\",\"target\":{\"@type\":\"EntryPoint\",\"urlTemplate\":\"https:\/\/adverteren.omropfryslan.nl\/?s={search_term_string}\"},\"query-input\":{\"@type\":\"PropertyValueSpecification\",\"valueRequired\":true,\"valueName\":\"search_term_string\"}}],\"inLanguage\":\"fy-FY\"},{\"@type\":\"Organization\",\"@id\":\"https:\/\/adverteren.omropfryslan.nl\/#organization\",\"name\":\"Omrop Frysl\u00e2n\",\"url\":\"https:\/\/adverteren.omropfryslan.nl\/\",\"logo\":{\"@type\":\"ImageObject\",\"inLanguage\":\"fy-FY\",\"@id\":\"https:\/\/adverteren.omropfryslan.nl\/#\/schema\/logo\/image\/\",\"url\":\"https:\/\/adverteren.omropfryslan.nl\/wp-content\/uploads\/2021\/01\/omrop_fryslan_logo.jpg\",\"contentUrl\":\"https:\/\/adverteren.omropfryslan.nl\/wp-content\/uploads\/2021\/01\/omrop_fryslan_logo.jpg\",\"width\":2364,\"height\":592,\"caption\":\"Omrop Frysl\u00e2n\"},\"image\":{\"@id\":\"https:\/\/adverteren.omropfryslan.nl\/#\/schema\/logo\/image\/\"},\"sameAs\":[\"https:\/\/www.facebook.com\/OmropFryslan\",\"https:\/\/x.com\/omropfryslan\",\"https:\/\/www.instagram.com\/omropfryslan\/\",\"https:\/\/www.linkedin.com\/company\/omropfryslan\/\",\"https:\/\/www.youtube.com\/user\/OmropFryslan\"]}]}<\/script>\n<!-- \/ Yoast SEO plugin. -->","yoast_head_json":{"title":"Kom yn de kunde mei \u00fas team - Omrop Fryslan","description":"Nim kontakt op mei \u00fas team foar direkt en goed advys oer kampanjes by Omrop Frysl\u00e2n. Do fynst \u00fas kontaktgegevens hjir.","robots":{"index":"index","follow":"follow","max-snippet":"max-snippet:-1","max-image-preview":"max-image-preview:large","max-video-preview":"max-video-preview:-1"},"canonical":"https:\/\/adverteren.omropfryslan.nl\/fy\/kom-yn-de-kunde-mei-us-team\/","og_locale":"en_US","og_type":"article","og_title":"Kom yn de kunde mei \u00fas team - Omrop Fryslan","og_description":"Nim kontakt op mei \u00fas team foar direkt en goed advys oer kampanjes by Omrop Frysl\u00e2n. Do fynst \u00fas kontaktgegevens hjir.","og_url":"https:\/\/adverteren.omropfryslan.nl\/fy\/kom-yn-de-kunde-mei-us-team\/","og_site_name":"Omrop Fryslan","article_publisher":"https:\/\/www.facebook.com\/OmropFryslan","article_modified_time":"2025-10-20T08:38:04+00:00","og_image":[{"width":2048,"height":526,"url":"https:\/\/adverteren.omropfryslan.nl\/wp-content\/uploads\/2025\/08\/Omrop-Afd-Reklame-2LR-1-e1755588425823.jpg","type":"image\/jpeg"}],"twitter_card":"summary_large_image","twitter_site":"@omropfryslan","schema":{"@context":"https:\/\/schema.org","@graph":[{"@type":"WebPage","@id":"https:\/\/adverteren.omropfryslan.nl\/fy\/kom-yn-de-kunde-mei-us-team\/","url":"https:\/\/adverteren.omropfryslan.nl\/fy\/kom-yn-de-kunde-mei-us-team\/","name":"Kom yn de kunde mei \u00fas team - Omrop Fryslan","isPartOf":{"@id":"https:\/\/adverteren.omropfryslan.nl\/#website"},"primaryImageOfPage":{"@id":"https:\/\/adverteren.omropfryslan.nl\/fy\/kom-yn-de-kunde-mei-us-team\/#primaryimage"},"image":{"@id":"https:\/\/adverteren.omropfryslan.nl\/fy\/kom-yn-de-kunde-mei-us-team\/#primaryimage"},"thumbnailUrl":"https:\/\/adverteren.omropfryslan.nl\/wp-content\/uploads\/2025\/08\/Omrop-Afd-Reklame-2LR-1-e1755588425823.jpg","datePublished":"2021-02-09T13:15:40+00:00","dateModified":"2025-10-20T08:38:04+00:00","description":"Nim kontakt op mei \u00fas team foar direkt en goed advys oer kampanjes by Omrop Frysl\u00e2n. Do fynst \u00fas kontaktgegevens hjir.","breadcrumb":{"@id":"https:\/\/adverteren.omropfryslan.nl\/fy\/kom-yn-de-kunde-mei-us-team\/#breadcrumb"},"inLanguage":"fy-FY","potentialAction":[{"@type":"ReadAction","target":["https:\/\/adverteren.omropfryslan.nl\/fy\/kom-yn-de-kunde-mei-us-team\/"]}]},{"@type":"ImageObject","inLanguage":"fy-FY","@id":"https:\/\/adverteren.omropfryslan.nl\/fy\/kom-yn-de-kunde-mei-us-team\/#primaryimage","url":"https:\/\/adverteren.omropfryslan.nl\/wp-content\/uploads\/2025\/08\/Omrop-Afd-Reklame-2LR-1-e1755588425823.jpg","contentUrl":"https:\/\/adverteren.omropfryslan.nl\/wp-content\/uploads\/2025\/08\/Omrop-Afd-Reklame-2LR-1-e1755588425823.jpg","width":2048,"height":526},{"@type":"BreadcrumbList","@id":"https:\/\/adverteren.omropfryslan.nl\/fy\/kom-yn-de-kunde-mei-us-team\/#breadcrumb","itemListElement":[{"@type":"ListItem","position":1,"name":"Home","item":"https:\/\/adverteren.omropfryslan.nl\/fy\/home\/"},{"@type":"ListItem","position":2,"name":"Kom yn de kunde mei \u00fas team"}]},{"@type":"WebSite","@id":"https:\/\/adverteren.omropfryslan.nl\/#website","url":"https:\/\/adverteren.omropfryslan.nl\/","name":"Omrop Fryslan","description":"Het laatste nieuws van Frysl\u00e2n","publisher":{"@id":"https:\/\/adverteren.omropfryslan.nl\/#organization"},"potentialAction":[{"@type":"SearchAction","target":{"@type":"EntryPoint","urlTemplate":"https:\/\/adverteren.omropfryslan.nl\/?s={search_term_string}"},"query-input":{"@type":"PropertyValueSpecification","valueRequired":true,"valueName":"search_term_string"}}],"inLanguage":"fy-FY"},{"@type":"Organization","@id":"https:\/\/adverteren.omropfryslan.nl\/#organization","name":"Omrop Frysl\u00e2n","url":"https:\/\/adverteren.omropfryslan.nl\/","logo":{"@type":"ImageObject","inLanguage":"fy-FY","@id":"https:\/\/adverteren.omropfryslan.nl\/#\/schema\/logo\/image\/","url":"https:\/\/adverteren.omropfryslan.nl\/wp-content\/uploads\/2021\/01\/omrop_fryslan_logo.jpg","contentUrl":"https:\/\/adverteren.omropfryslan.nl\/wp-content\/uploads\/2021\/01\/omrop_fryslan_logo.jpg","width":2364,"height":592,"caption":"Omrop Frysl\u00e2n"},"image":{"@id":"https:\/\/adverteren.omropfryslan.nl\/#\/schema\/logo\/image\/"},"sameAs":["https:\/\/www.facebook.com\/OmropFryslan","https:\/\/x.com\/omropfryslan","https:\/\/www.instagram.com\/omropfryslan\/","https:\/\/www.linkedin.com\/company\/omropfryslan\/","https:\/\/www.youtube.com\/user\/OmropFryslan"]}]}},"publishpress_future_action":{"enabled":false,"date":"2026-05-09 03:14:17","action":"change-status","newStatus":"draft","terms":[],"taxonomy":"translation_priority","extraData":[]},"publishpress_future_workflow_manual_trigger":{"enabledWorkflows":[]},"_links":{"self":[{"href":"https:\/\/adverteren.omropfryslan.nl\/fy\/wp-json\/wp\/v2\/pages\/5113","targetHints":{"allow":["GET"]}}],"collection":[{"href":"https:\/\/adverteren.omropfryslan.nl\/fy\/wp-json\/wp\/v2\/pages"}],"about":[{"href":"https:\/\/adverteren.omropfryslan.nl\/fy\/wp-json\/wp\/v2\/types\/page"}],"author":[{"embeddable":true,"href":"https:\/\/adverteren.omropfryslan.nl\/fy\/wp-json\/wp\/v2\/users\/1"}],"replies":[{"embeddable":true,"href":"https:\/\/adverteren.omropfryslan.nl\/fy\/wp-json\/wp\/v2\/comments?post=5113"}],"version-history":[{"count":1,"href":"https:\/\/adverteren.omropfryslan.nl\/fy\/wp-json\/wp\/v2\/pages\/5113\/revisions"}],"predecessor-version":[{"id":5114,"href":"https:\/\/adverteren.omropfryslan.nl\/fy\/wp-json\/wp\/v2\/pages\/5113\/revisions\/5114"}],"wp:featuredmedia":[{"embeddable":true,"href":"https:\/\/adverteren.omropfryslan.nl\/fy\/wp-json\/wp\/v2\/media\/5112"}],"wp:attachment":[{"href":"https:\/\/adverteren.omropfryslan.nl\/fy\/wp-json\/wp\/v2\/media?parent=5113"}],"curies":[{"name":"wp","href":"https:\/\/api.w.org\/{rel}","templated":true}]}}